{"id":29135,"date":"2023-12-14T08:10:44","date_gmt":"2023-12-14T07:10:44","guid":{"rendered":"https:\/\/new.afi-ipl.org\/privacy\/"},"modified":"2025-07-02T17:50:49","modified_gmt":"2025-07-02T15:50:49","slug":"datenschutz","status":"publish","type":"page","link":"https:\/\/www.afi-ipl.org\/de\/datenschutz\/","title":{"rendered":"Datenschutz"},"content":{"rendered":"<p><strong>PRIVACY POLITCY &#8211; ART. 13 GDPR 2016\/679<\/strong><\/p>\n<p>Auf dieser Seite wird die Art und Weise der Verwaltung der personenbezogenen Daten der Benutzer, die auf die Webseite zugreifen, beschrieben.<br \/>\nDiese Mitteilung erfolgt im Sinne des Art. 13 der Datenschutz-Grundverordnung EU 2016\/679 (\u201eGDPR\u201c) und ist an diejenigen gerichtet, welche die Webseiten des AFI | Arbeitsf\u00f6rderungsinstituts \u00fcber das Netz nutzen.<br \/>\nDas Informationsschreiben gilt ausschlie\u00dflich f\u00fcr die Webseite des AFI | Arbeitsf\u00f6rderungsinstitut und nicht f\u00fcr andere Webseiten, auf die der Nutzer eventuell \u00fcber Links zugreift. Diesbez\u00fcglich informieren wir Sie \u00fcber Folgendes:<\/p>\n<p><strong>Verantwortlicher der Datenverarbeitung und Rechte der betroffenen Person.<\/strong> Der Verantwortliche f\u00fcr die Datenverarbeitung ist das AFI | Arbeitsf\u00f6rderungsinstitut mit Sitz in Bozen (BZ), Landhaus 12, Kanonikus-Michael-Gamper-Stra\u00dfe 1. Sie k\u00f6nnen sich an den Verantwortlichen (F\u00fcr jegliche Informationen) wenden sowie f\u00fcr die Aus\u00fcbung Ihrer Rechte, wie von den Rechtsvorschriften vorgesehen (Zugang zu Ihren Daten, L\u00f6schung, Richtigstellung oder Einschr\u00e4nkung der Datenverarbeitung). Sie k\u00f6nnen den Verantwortlichen unter der Telefonnummer 0471\/418830 oder E-Mail-Adresse info@afi-ipl.org kontaktieren. Sie k\u00f6nnen sich auch an die Aufsichtsbeh\u00f6rde wenden, wenn Sie der Ansicht sind, dass Ihre Daten unrechtm\u00e4\u00dfig oder unangemessen verarbeitet wurden.<\/p>\n<p><strong>Datenschutzbeauftragter:<\/strong> der Verantwortliche der Datenverarbeitung hat einen Datenschutzbeauftragten ernannt: Renorm Srl, Schachthofstra\u00dfe Nr. 50, 39100 Bozen (BZ), Bezugsperson: Dr. Andrea Avanzo, E-Mail a.avanzo@renorm.it<\/p>\n<p><strong>Art der verarbeiteten Daten. Die von der Webseite verarbeiteten Daten sind:<\/strong><br \/>\n<strong>\u2022 Navigationsdaten (Log Files)<\/strong>: Navigationsdaten &#8211; Die f\u00fcr die Funktion dieser Website ben\u00f6tigten Softwaresysteme und -prozeduren erfassen w\u00e4hrend des normalen Betriebs bestimmte personenbezogene Daten, deren \u00dcbertragung f\u00fcr die Anwendung der Internet-Kommunikationsprotokolle erforderlich ist. Solche Informationen werden nicht erfasst, um sie identifizierten Personen zuzuordnen, k\u00f6nnten jedoch wegen ihrer Beschaffenheit durch Verarbeitung und Verkn\u00fcpfung mit Daten im Besitz von Dritten eine Identifizierung der Benutzer erm\u00f6glichen. Zu dieser Datenkategorie geh\u00f6ren die IP-Adressen oder Domain-Namen der Computer, die von den Besuchern f\u00fcr die Verbindung zur Website benutzt werden, die URI (Uniform Resource Identifier)-Adressen der angeforderten Ressourcen, die Zeit der Anforderung, die zur \u00dcbermittlung der Anforderung an den Server benutzte Methode, die Gr\u00f6\u00dfe der als Antwort erhaltenen Datei, der den Status der vom Server gegebenen Antwort kennzeichnende numerische Code (erfolgreich, Fehler usw.) und sonstige Parameter, die sich auf das Betriebssystem und die Computer-Konfiguration des Benutzers beziehen.<\/p>\n<p>Diese Daten werden nur f\u00fcr Zwecke anonymer statistischer Datenerfassung \u00fcber die Benutzung der Website sowie f\u00fcr die \u00dcberpr\u00fcfung deren korrekter Funktion verwendet und werden nur f\u00fcr die dazu erforderliche Zeit aufbewahrt. Die Daten k\u00f6nnen zur Feststellung einer Haftung im Falle eventueller IT-Delikte zum Schaden unserer Website benutzt werden.<br \/>\n\u2022 <strong>Vom Benutzer freiwillig gelieferte Daten<\/strong>: Das ausdr\u00fcckliche und freiwillige Versenden von elektronischer Post an die in dieser Website angegebenen Adressen bedingt die Erfassung der Adresse des Absenders, die zur Beantwortung der Anfragen notwendig ist, sowie allf\u00e4lliger personenbezogener Daten, die in der Mitteilung enthalten sind. Spezifische Mitteilungen und Einwilligungen sind auf den Webseiten angezeigt, die sich auf die speziellen angeforderten Dienste beziehen.<br \/>\n<strong>\u2022 Vom Benutzer freiwillig gelieferte Daten f\u00fcr die Newsletter-Einschreibung<\/strong>: Der Verantwortliche der Datenverarbeitung, das AFI | Arbeitsf\u00f6rderungsinstitut, teilt Ihnen mit, dass die Daten, die \u00fcber das vorbereitete und auf der Webseite bereitgestellte Formular bereitgestellt werden, nur f\u00fcr den Versand von regelm\u00e4\u00dfigen Newsletter und im Allgemeinen f\u00fcr Aktualisierungen \u00fcber die AFI \u2013 Aktivit\u00e4ten benutzt werden. Die Bereitstellung der Daten ist erforderlich; wenn die Daten nicht bereitgestellt werden, wird die Newsletter-Einschreibung nicht m\u00f6glich sein.<\/p>\n<p><strong>Art der Bereitstellung von Daten.<\/strong> Abgesehen von den Angaben bez\u00fcglich der Navigationsdaten steht es dem Benutzer frei, personenbezogene Daten in den Antragsformularen mitzuteilen. Ohne diese Daten kann die gew\u00fcnschte Dienstleistung unter Umst\u00e4nden nicht erbracht werden.<\/p>\n<p><strong>Zwecke der Verarbeitung.<\/strong> Die freiwillig angegebenen Daten werden verarbeitet, um die erhaltenen Antr\u00e4ge zu beantworten.<\/p>\n<p><strong>Modalit\u00e4ten der Datenverarbeitung.<\/strong> Die personenbezogenen Daten werden in Papier- und elektronischer Form verarbeitet. Spezielle Sicherheitsma\u00dfnahmen, um einem Datenverlust, einer unrechtm\u00e4\u00dfigen oder ungeeigneten Verwendung oder einem nicht genehmigten Zugriff vorzubeugen werden, gew\u00e4hrleistet.<\/p>\n<p><strong>Datenaufbewahrung:<\/strong> Die Daten f\u00fcr den Zeitraum aufbewahrt, welcher notwendig ist, um die Anfrage des Nutzers oder die von ihm zugewiesenen Aufgabe zu bearbeiten werden, in \u00dcbereinstimmung mit den gesetzlichen Aufbewahrungszeiten von Daten und Dokumenten.<\/p>\n<p><strong>Beauftragte der Datenverarbeitung und Mitteilung an Dritte:<\/strong>\u00a0die Daten k\u00f6nnen internen Beauftragte zur Durchf\u00fchrung der Datenverarbeitung und externen Partnern, die f\u00fcr die Verwaltung der Webseite und f\u00fcr die technische Unterst\u00fctzung des Informationssystems des Eigent\u00fcmers verantwortlich sind, mitgeteilt werden. Diese Mitteilung ist erforderlich, da es bei einer fehlenden Mitteilung nicht m\u00f6glich w\u00e4re, die Anfragen zu beantworten. Die angegebenen Daten werden in keiner Weise verbreitet (unter \u201eVerbreitung\u201c versteht man jede Art von Mitteilung an unbestimmte Personen).<\/p>\n<p><strong>\u00dcbermittlung der Daten.<\/strong> Keine aus den Web-Dienstleistungen gewonnenen Daten werden au\u00dferhalb der Europ\u00e4ischen Union mitgeteilt oder \u00fcbermittelt.<\/p>\n<p><strong>Automatisierte Entscheidungsprozesse.<\/strong> Schlie\u00dflich teilen wir Ihnen mit, dass Ihre Daten keinen automatisierten Entscheidungsprozessen unterworfen sind.<\/p>\n<p><strong>Rechte der betroffenen Person: <\/strong>Der Betroffene der Datenverarbeitung enth\u00e4lt auf Anfrage gem\u00e4ss Artikel 15-21 EU-DSGVO Zugang zur Daten, Ausz\u00fcge und Auskunft dar\u00fcber und kann deren Aktualisierung, L\u00f6schung, Anonymisierung oder Sperrung, sofern die gesetzlichen Voraussetzungen vorliegen, verlangen. Die erhobenen Daten werden f\u00fcr einen Zeitraum aufbewahrt, der die Erreichung der Zwecke, f\u00fcr die sie bearbeitet werden, nicht \u00fcberschreitet (Artikel 5, DSGVO) oder gem\u00e4ss den gesetzlichen Fristen.<br \/>\n<strong>Die Anfrage ist <a href=\"https:\/\/afi-ipl.org\/wp-content\/uploads\/DE-Ansuchen-um-Aus\u00fcbung-der-Rechte-.pdf\" target=\"_blank\" rel=\"noopener\">hier<\/a> verf\u00fcgbar.<\/strong><br \/>\nBei Nichtbeantwortung innerhalb von 30 Tagen nach Einreichung des Antrags beh\u00e4lt sich das AFI | Arbeitsf\u00f6rderungsinstitut das Recht vor, diese Antwort aus Gr\u00fcnden, die sich aus der Komplexit\u00e4t oder der hohen Anzahl von Antr\u00e4gen ergeben, innerhalb einer Frist von 60 Tagen zu verl\u00e4ngern. Es ist auch das Recht der betroffenen Person, sich an das Gericht zu wenden oder eine Beschwerde bei der Datenschutzbeh\u00f6rde einzureichen, wenn sie der Ansicht ist, dass ihre Daten unrechtm\u00e4\u00dfig oder nicht konform behandelt wurden.<\/p>\n<p>&nbsp;<\/p>\n<p class=\"\"><button  href=\"#consent-change\" role=\"button\" id=\"rcb-sc-link-change\" data-success-message=\"\" class=\"rcb-sc-link rcb-sc-link-change \">\u00c4ndern der Datenschutzeinstellungen<\/button><\/p>\n<p class=\"\"><button  href=\"#consent-history\" role=\"button\" id=\"rcb-sc-link-history\" data-success-message=\"\" class=\"rcb-sc-link rcb-sc-link-history \">Historie der Datenschutzeinstellungen<\/button><\/p>\n<p class=\"\"><button  href=\"#consent-revoke\" role=\"button\" id=\"rcb-sc-link-revoke\" data-success-message=\"Sie haben Ihre Zustimmung erfolgreich widerrufen. Die Seite wird nun neu geladen.\" class=\"rcb-sc-link rcb-sc-link-revoke \">Widerruf von Einwilligungen<\/button><\/p>\n","protected":false},"excerpt":{"rendered":"<p>PRIVACY POLITCY &#8211; ART. 13 GDPR 2016\/679 Auf dieser Seite wird die Art und Weise der Verwaltung der personenbezogenen Daten der Benutzer, die auf die Webseite zugreifen, beschrieben. Diese Mitteilung erfolgt im Sinne des Art. 13 der Datenschutz-Grundverordnung EU 2016\/679 (\u201eGDPR\u201c) und ist an diejenigen gerichtet, welche die Webseiten des AFI | Arbeitsf\u00f6rderungsinstituts \u00fcber das [&hellip;]<\/p>\n","protected":false},"author":1,"featured_media":0,"parent":0,"menu_order":800,"comment_status":"closed","ping_status":"closed","template":"template-dsgvo.php","meta":{"_acf_changed":false,"_monsterinsights_skip_tracking":false,"_monsterinsights_sitenote_active":false,"_monsterinsights_sitenote_note":"","_monsterinsights_sitenote_category":0,"footnotes":""},"class_list":["post-29135","page","type-page","status-publish","hentry"],"acf":[],"yoast_head":"<!-- This site is optimized with the Yoast SEO Premium plugin v24.0 (Yoast SEO v24.0) - https:\/\/yoast.com\/wordpress\/plugins\/seo\/ -->\n<title>Datenschutz gem\u00e4\u00df GDPR 2016\/679: Verwaltung personenbezogener Daten auf der Webseite<\/title>\n<meta name=\"description\" content=\"Erfahren Sie mehr \u00fcber den Datenschutz und die Verwaltung personenbezogener Daten gem\u00e4\u00df der Datenschutz-Grundverordnung (GDPR) auf unserer Webseite.\" \/>\n<meta name=\"robots\" content=\"index, follow, max-snippet:-1, max-image-preview:large, max-video-preview:-1\" \/>\n<link rel=\"canonical\" href=\"https:\/\/www.afi-ipl.org\/de\/datenschutz\/\" \/>\n<meta property=\"og:locale\" content=\"de_DE\" \/>\n<meta property=\"og:type\" content=\"article\" \/>\n<meta property=\"og:title\" content=\"Datenschutz\" \/>\n<meta property=\"og:description\" content=\"Erfahren Sie mehr \u00fcber den Datenschutz und die Verwaltung personenbezogener Daten gem\u00e4\u00df der Datenschutz-Grundverordnung (GDPR) auf unserer Webseite.\" \/>\n<meta property=\"og:url\" content=\"https:\/\/www.afi-ipl.org\/de\/datenschutz\/\" \/>\n<meta property=\"og:site_name\" content=\"AFI-IPL\" \/>\n<meta property=\"article:publisher\" content=\"https:\/\/www.facebook.com\/afi.ipl\" \/>\n<meta property=\"article:modified_time\" content=\"2025-07-02T15:50:49+00:00\" \/>\n<meta name=\"twitter:card\" content=\"summary_large_image\" \/>\n<meta name=\"twitter:site\" content=\"@afi_ipl\" \/>\n<meta name=\"twitter:label1\" content=\"Gesch\u00e4tzte Lesezeit\" \/>\n\t<meta name=\"twitter:data1\" content=\"6\u00a0Minuten\" \/>\n<script type=\"application\/ld+json\" class=\"yoast-schema-graph\">{\"@context\":\"https:\/\/schema.org\",\"@graph\":[{\"@type\":\"WebPage\",\"@id\":\"https:\/\/www.afi-ipl.org\/de\/datenschutz\/\",\"url\":\"https:\/\/www.afi-ipl.org\/de\/datenschutz\/\",\"name\":\"Datenschutz gem\u00e4\u00df GDPR 2016\/679: Verwaltung personenbezogener Daten auf der Webseite\",\"isPartOf\":{\"@id\":\"https:\/\/www.afi-ipl.org\/de\/#website\"},\"datePublished\":\"2023-12-14T07:10:44+00:00\",\"dateModified\":\"2025-07-02T15:50:49+00:00\",\"description\":\"Erfahren Sie mehr \u00fcber den Datenschutz und die Verwaltung personenbezogener Daten gem\u00e4\u00df der Datenschutz-Grundverordnung (GDPR) auf unserer Webseite.\",\"breadcrumb\":{\"@id\":\"https:\/\/www.afi-ipl.org\/de\/datenschutz\/#breadcrumb\"},\"inLanguage\":\"de\",\"potentialAction\":[{\"@type\":\"ReadAction\",\"target\":[\"https:\/\/www.afi-ipl.org\/de\/datenschutz\/\"]}]},{\"@type\":\"BreadcrumbList\",\"@id\":\"https:\/\/www.afi-ipl.org\/de\/datenschutz\/#breadcrumb\",\"itemListElement\":[{\"@type\":\"ListItem\",\"position\":1,\"name\":\"Home\",\"item\":\"https:\/\/www.afi-ipl.org\/de\/\"},{\"@type\":\"ListItem\",\"position\":2,\"name\":\"Datenschutz\"}]},{\"@type\":\"WebSite\",\"@id\":\"https:\/\/www.afi-ipl.org\/de\/#website\",\"url\":\"https:\/\/www.afi-ipl.org\/de\/\",\"name\":\"AFI-IPL\",\"description\":\"\",\"publisher\":{\"@id\":\"https:\/\/www.afi-ipl.org\/de\/#organization\"},\"potentialAction\":[{\"@type\":\"SearchAction\",\"target\":{\"@type\":\"EntryPoint\",\"urlTemplate\":\"https:\/\/www.afi-ipl.org\/de\/?s={search_term_string}\"},\"query-input\":{\"@type\":\"PropertyValueSpecification\",\"valueRequired\":true,\"valueName\":\"search_term_string\"}}],\"inLanguage\":\"de\"},{\"@type\":\"Organization\",\"@id\":\"https:\/\/www.afi-ipl.org\/de\/#organization\",\"name\":\"AFI-IPL\",\"url\":\"https:\/\/www.afi-ipl.org\/de\/\",\"logo\":{\"@type\":\"ImageObject\",\"inLanguage\":\"de\",\"@id\":\"https:\/\/www.afi-ipl.org\/de\/#\/schema\/logo\/image\/\",\"url\":\"https:\/\/www.afi-ipl.org\/wp-content\/uploads\/Logo-mit-Zusatz.svg\",\"contentUrl\":\"https:\/\/www.afi-ipl.org\/wp-content\/uploads\/Logo-mit-Zusatz.svg\",\"width\":241,\"height\":58,\"caption\":\"AFI-IPL\"},\"image\":{\"@id\":\"https:\/\/www.afi-ipl.org\/de\/#\/schema\/logo\/image\/\"},\"sameAs\":[\"https:\/\/www.facebook.com\/afi.ipl\",\"https:\/\/x.com\/afi_ipl\",\"https:\/\/www.youtube.com\/@afiipl\"]}]}<\/script>\n<!-- \/ Yoast SEO Premium plugin. -->","yoast_head_json":{"title":"Datenschutz gem\u00e4\u00df GDPR 2016\/679: Verwaltung personenbezogener Daten auf der Webseite","description":"Erfahren Sie mehr \u00fcber den Datenschutz und die Verwaltung personenbezogener Daten gem\u00e4\u00df der Datenschutz-Grundverordnung (GDPR) auf unserer Webseite.","robots":{"index":"index","follow":"follow","max-snippet":"max-snippet:-1","max-image-preview":"max-image-preview:large","max-video-preview":"max-video-preview:-1"},"canonical":"https:\/\/www.afi-ipl.org\/de\/datenschutz\/","og_locale":"de_DE","og_type":"article","og_title":"Datenschutz","og_description":"Erfahren Sie mehr \u00fcber den Datenschutz und die Verwaltung personenbezogener Daten gem\u00e4\u00df der Datenschutz-Grundverordnung (GDPR) auf unserer Webseite.","og_url":"https:\/\/www.afi-ipl.org\/de\/datenschutz\/","og_site_name":"AFI-IPL","article_publisher":"https:\/\/www.facebook.com\/afi.ipl","article_modified_time":"2025-07-02T15:50:49+00:00","twitter_card":"summary_large_image","twitter_site":"@afi_ipl","twitter_misc":{"Gesch\u00e4tzte Lesezeit":"6\u00a0Minuten"},"schema":{"@context":"https:\/\/schema.org","@graph":[{"@type":"WebPage","@id":"https:\/\/www.afi-ipl.org\/de\/datenschutz\/","url":"https:\/\/www.afi-ipl.org\/de\/datenschutz\/","name":"Datenschutz gem\u00e4\u00df GDPR 2016\/679: Verwaltung personenbezogener Daten auf der Webseite","isPartOf":{"@id":"https:\/\/www.afi-ipl.org\/de\/#website"},"datePublished":"2023-12-14T07:10:44+00:00","dateModified":"2025-07-02T15:50:49+00:00","description":"Erfahren Sie mehr \u00fcber den Datenschutz und die Verwaltung personenbezogener Daten gem\u00e4\u00df der Datenschutz-Grundverordnung (GDPR) auf unserer Webseite.","breadcrumb":{"@id":"https:\/\/www.afi-ipl.org\/de\/datenschutz\/#breadcrumb"},"inLanguage":"de","potentialAction":[{"@type":"ReadAction","target":["https:\/\/www.afi-ipl.org\/de\/datenschutz\/"]}]},{"@type":"BreadcrumbList","@id":"https:\/\/www.afi-ipl.org\/de\/datenschutz\/#breadcrumb","itemListElement":[{"@type":"ListItem","position":1,"name":"Home","item":"https:\/\/www.afi-ipl.org\/de\/"},{"@type":"ListItem","position":2,"name":"Datenschutz"}]},{"@type":"WebSite","@id":"https:\/\/www.afi-ipl.org\/de\/#website","url":"https:\/\/www.afi-ipl.org\/de\/","name":"AFI-IPL","description":"","publisher":{"@id":"https:\/\/www.afi-ipl.org\/de\/#organization"},"potentialAction":[{"@type":"SearchAction","target":{"@type":"EntryPoint","urlTemplate":"https:\/\/www.afi-ipl.org\/de\/?s={search_term_string}"},"query-input":{"@type":"PropertyValueSpecification","valueRequired":true,"valueName":"search_term_string"}}],"inLanguage":"de"},{"@type":"Organization","@id":"https:\/\/www.afi-ipl.org\/de\/#organization","name":"AFI-IPL","url":"https:\/\/www.afi-ipl.org\/de\/","logo":{"@type":"ImageObject","inLanguage":"de","@id":"https:\/\/www.afi-ipl.org\/de\/#\/schema\/logo\/image\/","url":"https:\/\/www.afi-ipl.org\/wp-content\/uploads\/Logo-mit-Zusatz.svg","contentUrl":"https:\/\/www.afi-ipl.org\/wp-content\/uploads\/Logo-mit-Zusatz.svg","width":241,"height":58,"caption":"AFI-IPL"},"image":{"@id":"https:\/\/www.afi-ipl.org\/de\/#\/schema\/logo\/image\/"},"sameAs":["https:\/\/www.facebook.com\/afi.ipl","https:\/\/x.com\/afi_ipl","https:\/\/www.youtube.com\/@afiipl"]}]}},"_links":{"self":[{"href":"https:\/\/www.afi-ipl.org\/de\/wp-json\/wp\/v2\/pages\/29135","targetHints":{"allow":["GET"]}}],"collection":[{"href":"https:\/\/www.afi-ipl.org\/de\/wp-json\/wp\/v2\/pages"}],"about":[{"href":"https:\/\/www.afi-ipl.org\/de\/wp-json\/wp\/v2\/types\/page"}],"author":[{"embeddable":true,"href":"https:\/\/www.afi-ipl.org\/de\/wp-json\/wp\/v2\/users\/1"}],"replies":[{"embeddable":true,"href":"https:\/\/www.afi-ipl.org\/de\/wp-json\/wp\/v2\/comments?post=29135"}],"version-history":[{"count":10,"href":"https:\/\/www.afi-ipl.org\/de\/wp-json\/wp\/v2\/pages\/29135\/revisions"}],"predecessor-version":[{"id":29169,"href":"https:\/\/www.afi-ipl.org\/de\/wp-json\/wp\/v2\/pages\/29135\/revisions\/29169"}],"wp:attachment":[{"href":"https:\/\/www.afi-ipl.org\/de\/wp-json\/wp\/v2\/media?parent=29135"}],"curies":[{"name":"wp","href":"https:\/\/api.w.org\/{rel}","templated":true}]}}